{"id":16,"date":"2024-03-19T04:50:31","date_gmt":"2024-03-19T04:50:31","guid":{"rendered":"https:\/\/www.dinamex.net\/?page_id=16"},"modified":"2024-11-07T18:16:24","modified_gmt":"2024-11-07T18:16:24","slug":"nosotros","status":"publish","type":"page","link":"https:\/\/www.dinamex.net\/index.php\/nosotros\/","title":{"rendered":"Nosotros"},"content":{"rendered":"<p>[et_pb_section fb_built=&#8221;1&#8243; fullwidth=&#8221;on&#8221; _builder_version=&#8221;4.24.2&#8243; _module_preset=&#8221;default&#8221; global_colors_info=&#8221;{}&#8221;][et_pb_fullwidth_header title=&#8221;Conoce acerca de nosotros&#8221; _builder_version=&#8221;4.24.2&#8243; _module_preset=&#8221;default&#8221; title_text_align=&#8221;center&#8221; background_color=&#8221;#00A658&#8243; global_colors_info=&#8221;{}&#8221;]<\/p>\n<p>DINAMEX somos una empresa \u00a0dedicada \u00a0a la comercializaci\u00f3n y distribuci\u00f3n de productos y equipos para el manejo integrado \u00a0de plagas urbanas, granos almacenados \u00a0e industriales. Actualmente\u00a0somos distribuidores autorizados de 8 laboratorios qu\u00edmicos que producen Productos y Equipos de calidad.<\/p>\n<p>[\/et_pb_fullwidth_header][\/et_pb_section][et_pb_section fb_built=&#8221;1&#8243; _builder_version=&#8221;4.24.2&#8243; _module_preset=&#8221;default&#8221; global_colors_info=&#8221;{}&#8221;][et_pb_row column_structure=&#8221;1_2,1_2&#8243; _builder_version=&#8221;4.24.2&#8243; _module_preset=&#8221;default&#8221; global_colors_info=&#8221;{}&#8221;][et_pb_column type=&#8221;1_2&#8243; _builder_version=&#8221;4.24.2&#8243; _module_preset=&#8221;default&#8221; global_colors_info=&#8221;{}&#8221;][et_pb_blurb title=&#8221;Vision&#8221; use_icon=&#8221;on&#8221; font_icon=&#8221;&#xf06e;||fa||900&#8243; icon_color=&#8221;#00A658&#8243; _builder_version=&#8221;4.27.2&#8243; _module_preset=&#8221;default&#8221; hover_enabled=&#8221;0&#8243; global_colors_info=&#8221;{}&#8221; sticky_enabled=&#8221;0&#8243;]<\/p>\n<p style=\"text-align: justify;\"><span>Para el 2025 ser una empresa l\u00edder en la comercializaci\u00f3n y distribuci\u00f3n de Productos y Equipos profesionales \u00a0para el control de plagas en toda la zona pacifico del pa\u00eds. estableciendo puntos de distribucion y venta en las ciudades de (Hermosillo, Mexicali, Tijuana, Los Cabos, Mazatl\u00e1n, La Paz, Ensenada, Los Mochis, Culiacan y ciudad Obregon.) alcanzando cobertura y distribuci\u00f3n en el corredor pacifico.<\/span><\/p>\n<p>[\/et_pb_blurb][\/et_pb_column][et_pb_column type=&#8221;1_2&#8243; _builder_version=&#8221;4.24.2&#8243; _module_preset=&#8221;default&#8221; global_colors_info=&#8221;{}&#8221;][et_pb_blurb title=&#8221;Mision&#8221; use_icon=&#8221;on&#8221; font_icon=&#8221;&#xe033;||divi||400&#8243; icon_color=&#8221;#00A658&#8243; _builder_version=&#8221;4.24.2&#8243; _module_preset=&#8221;default&#8221; global_colors_info=&#8221;{}&#8221;]<\/p>\n<p style=\"text-align: justify;\">Ofrecer a nuestros clientes asesoria, productos y equipos profesionales para el manejo integrado de plagas urbanas, que ayuden a lograr mejores resultados sin da\u00f1ar el medio ambiente y conservar la salud e integridad de las personas.<\/p>\n<p style=\"text-align: justify;\">Ofrecer los mejores productos y equipos de alta calidad a todos nuestros clientes asi como asesorar y orientar sobre un manejo adecuado de plaguicidas para lograr buenos resultados en el manejo integrado de plagas.<\/p>\n<p>[\/et_pb_blurb][\/et_pb_column][\/et_pb_row][et_pb_row _builder_version=&#8221;4.24.2&#8243; _module_preset=&#8221;default&#8221; global_colors_info=&#8221;{}&#8221;][et_pb_column type=&#8221;4_4&#8243; _builder_version=&#8221;4.24.2&#8243; _module_preset=&#8221;default&#8221; global_colors_info=&#8221;{}&#8221;][et_pb_text _builder_version=&#8221;4.24.2&#8243; _module_preset=&#8221;default&#8221; global_colors_info=&#8221;{}&#8221;]<\/p>\n<h1 style=\"text-align: center;\"><strong>Valores<\/strong><\/h1>\n<p>[\/et_pb_text][\/et_pb_column][\/et_pb_row][et_pb_row column_structure=&#8221;1_4,1_4,1_4,1_4&#8243; _builder_version=&#8221;4.24.2&#8243; _module_preset=&#8221;default&#8221; global_colors_info=&#8221;{}&#8221;][et_pb_column type=&#8221;1_4&#8243; _builder_version=&#8221;4.24.2&#8243; _module_preset=&#8221;default&#8221; global_colors_info=&#8221;{}&#8221;][et_pb_blurb title=&#8221;Adaptabilidad&#8221; use_icon=&#8221;on&#8221; font_icon=&#8221;&#xf042;||fa||900&#8243; icon_color=&#8221;#00A658&#8243; icon_placement=&#8221;left&#8221; _builder_version=&#8221;4.24.2&#8243; _module_preset=&#8221;default&#8221; global_colors_info=&#8221;{}&#8221;][\/et_pb_blurb][et_pb_blurb title=&#8221;Respeto&#8221; use_icon=&#8221;on&#8221; font_icon=&#8221;&#xf7bd;||fa||900&#8243; icon_color=&#8221;#00A658&#8243; icon_placement=&#8221;left&#8221; _builder_version=&#8221;4.24.2&#8243; _module_preset=&#8221;default&#8221; global_colors_info=&#8221;{}&#8221;][\/et_pb_blurb][\/et_pb_column][et_pb_column type=&#8221;1_4&#8243; _builder_version=&#8221;4.24.2&#8243; _module_preset=&#8221;default&#8221; global_colors_info=&#8221;{}&#8221;][et_pb_blurb title=&#8221;Innovaci\u00f3n&#8221; use_icon=&#8221;on&#8221; font_icon=&#8221;&#xf0eb;||fa||900&#8243; icon_color=&#8221;#00A658&#8243; icon_placement=&#8221;left&#8221; _builder_version=&#8221;4.24.2&#8243; _module_preset=&#8221;default&#8221; global_colors_info=&#8221;{}&#8221;][\/et_pb_blurb][et_pb_blurb title=&#8221;Servicio&#8221; use_icon=&#8221;on&#8221; font_icon=&#8221;&#xe033;||divi||400&#8243; icon_color=&#8221;#00A658&#8243; icon_placement=&#8221;left&#8221; _builder_version=&#8221;4.24.2&#8243; _module_preset=&#8221;default&#8221; global_colors_info=&#8221;{}&#8221;][\/et_pb_blurb][\/et_pb_column][et_pb_column type=&#8221;1_4&#8243; _builder_version=&#8221;4.24.2&#8243; _module_preset=&#8221;default&#8221; global_colors_info=&#8221;{}&#8221;][et_pb_blurb title=&#8221;Desarrollo&#8221; use_icon=&#8221;on&#8221; font_icon=&#8221;&#xe0f9;||divi||400&#8243; icon_color=&#8221;#00A658&#8243; icon_placement=&#8221;left&#8221; _builder_version=&#8221;4.24.2&#8243; _module_preset=&#8221;default&#8221; global_colors_info=&#8221;{}&#8221;][\/et_pb_blurb][et_pb_blurb title=&#8221;Trabajo en equipo&#8221; use_icon=&#8221;on&#8221; font_icon=&#8221;&#xf0c0;||fa||900&#8243; icon_color=&#8221;#00A658&#8243; icon_placement=&#8221;left&#8221; _builder_version=&#8221;4.24.2&#8243; _module_preset=&#8221;default&#8221; global_colors_info=&#8221;{}&#8221;][\/et_pb_blurb][\/et_pb_column][et_pb_column type=&#8221;1_4&#8243; _builder_version=&#8221;4.24.2&#8243; _module_preset=&#8221;default&#8221; global_colors_info=&#8221;{}&#8221;][et_pb_blurb title=&#8221;Honestidad&#8221; use_icon=&#8221;on&#8221; font_icon=&#8221;&#xe089;||divi||400&#8243; icon_color=&#8221;#00A658&#8243; icon_placement=&#8221;left&#8221; _builder_version=&#8221;4.24.2&#8243; _module_preset=&#8221;default&#8221; global_colors_info=&#8221;{}&#8221;][\/et_pb_blurb][et_pb_blurb title=&#8221;Responsabilidad&#8221; use_icon=&#8221;on&#8221; font_icon=&#8221;&#xf508;||fa||900&#8243; icon_color=&#8221;#00A658&#8243; icon_placement=&#8221;left&#8221; _builder_version=&#8221;4.24.2&#8243; _module_preset=&#8221;default&#8221; global_colors_info=&#8221;{}&#8221;][\/et_pb_blurb][\/et_pb_column][\/et_pb_row][\/et_pb_section]<\/p>\n","protected":false},"excerpt":{"rendered":"<p>DINAMEX somos una empresa \u00a0dedicada \u00a0a la comercializaci\u00f3n y distribuci\u00f3n de productos y equipos para el manejo integrado \u00a0de plagas urbanas, granos almacenados \u00a0e industriales. Actualmente\u00a0somos distribuidores autorizados de 8 laboratorios qu\u00edmicos que producen Productos y Equipos de calidad.Para el 2025 ser una empresa l\u00edder en la comercializaci\u00f3n y distribuci\u00f3n de Productos y Equipos profesionales [&hellip;]<\/p>\n","protected":false},"author":1,"featured_media":0,"parent":0,"menu_order":0,"comment_status":"closed","ping_status":"closed","template":"","meta":{"_et_pb_use_builder":"on","_et_pb_old_content":"","_et_gb_content_width":"","footnotes":""},"class_list":["post-16","page","type-page","status-publish","hentry"],"_links":{"self":[{"href":"https:\/\/www.dinamex.net\/index.php\/wp-json\/wp\/v2\/pages\/16","targetHints":{"allow":["GET"]}}],"collection":[{"href":"https:\/\/www.dinamex.net\/index.php\/wp-json\/wp\/v2\/pages"}],"about":[{"href":"https:\/\/www.dinamex.net\/index.php\/wp-json\/wp\/v2\/types\/page"}],"author":[{"embeddable":true,"href":"https:\/\/www.dinamex.net\/index.php\/wp-json\/wp\/v2\/users\/1"}],"replies":[{"embeddable":true,"href":"https:\/\/www.dinamex.net\/index.php\/wp-json\/wp\/v2\/comments?post=16"}],"version-history":[{"count":5,"href":"https:\/\/www.dinamex.net\/index.php\/wp-json\/wp\/v2\/pages\/16\/revisions"}],"predecessor-version":[{"id":567,"href":"https:\/\/www.dinamex.net\/index.php\/wp-json\/wp\/v2\/pages\/16\/revisions\/567"}],"wp:attachment":[{"href":"https:\/\/www.dinamex.net\/index.php\/wp-json\/wp\/v2\/media?parent=16"}],"curies":[{"name":"wp","href":"https:\/\/api.w.org\/{rel}","templated":true}]}}