{"id":20,"date":"2024-03-19T04:50:57","date_gmt":"2024-03-19T04:50:57","guid":{"rendered":"https:\/\/www.dinamex.net\/?page_id=20"},"modified":"2025-01-17T19:02:39","modified_gmt":"2025-01-17T19:02:39","slug":"sucursales","status":"publish","type":"page","link":"https:\/\/www.dinamex.net\/index.php\/sucursales\/","title":{"rendered":"Sucursales"},"content":{"rendered":"<p>[et_pb_section fb_built=&#8221;1&#8243; fullwidth=&#8221;on&#8221; _builder_version=&#8221;4.24.2&#8243; _module_preset=&#8221;default&#8221; global_colors_info=&#8221;{}&#8221;][et_pb_fullwidth_header title=&#8221;Sucursales&#8221; subhead=&#8221;Una cerca de ti&#8221; _builder_version=&#8221;4.24.2&#8243; _module_preset=&#8221;default&#8221; title_text_align=&#8221;center&#8221; subhead_text_align=&#8221;center&#8221; background_color=&#8221;#00A658&#8243; global_colors_info=&#8221;{}&#8221;][\/et_pb_fullwidth_header][\/et_pb_section][et_pb_section fb_built=&#8221;1&#8243; _builder_version=&#8221;4.24.2&#8243; _module_preset=&#8221;default&#8221; global_colors_info=&#8221;{}&#8221;][et_pb_row column_structure=&#8221;1_3,1_3,1_3&#8243; _builder_version=&#8221;4.24.2&#8243; _module_preset=&#8221;default&#8221; global_colors_info=&#8221;{}&#8221;][et_pb_column type=&#8221;1_3&#8243; _builder_version=&#8221;4.24.2&#8243; _module_preset=&#8221;default&#8221; global_colors_info=&#8221;{}&#8221;][et_pb_blurb title=&#8221;Matriz &#8211; Culiacan, Sin.&#8221; image=&#8221;http:\/\/www.dinamex.net\/wp-content\/uploads\/2025\/01\/Sucursales-Dinamex-Culiacan.jpg&#8221; _builder_version=&#8221;4.27.4&#8243; _module_preset=&#8221;default&#8221; hover_enabled=&#8221;0&#8243; global_colors_info=&#8221;{}&#8221; title_text=&#8221;Sucursales-Dinamex-Culiacan&#8221; sticky_enabled=&#8221;0&#8243;]<\/p>\n<p><span>Av. \u00c1lvaro Obreg\u00f3n 1745 Nte.<\/span><br \/><span>Colonia Tierra Blanca. C.P. 80030<\/span><br \/><span>Culiac\u00e1n, Sinaloa.<\/span><br \/><span>Tel: (667) 7530185 o (667) 7124296<\/span><\/p>\n<p>[\/et_pb_blurb][et_pb_blurb title=&#8221;Sucursal San Jos\u00e9 del Cabo&#8221; image=&#8221;http:\/\/www.dinamex.net\/wp-content\/uploads\/2025\/01\/cabos.jpg&#8221; _builder_version=&#8221;4.27.4&#8243; _module_preset=&#8221;default&#8221; global_colors_info=&#8221;{}&#8221;]<\/p>\n<p><span>Carretera transpeninsular Manzana 15. lote 04\u00a0 <\/span><span>Colonia Santa Rosa, San Jose del CAbo. C.P. 23428<\/span><br \/><span>Culiac\u00e1n, Sinaloa.<\/span><br \/><span>Tel: (624 1240320 o (667) 2648351<\/span><\/p>\n<p>[\/et_pb_blurb][\/et_pb_column][et_pb_column type=&#8221;1_3&#8243; _builder_version=&#8221;4.24.2&#8243; _module_preset=&#8221;default&#8221; global_colors_info=&#8221;{}&#8221;][et_pb_blurb title=&#8221;Sucursal Mazatlan, Sin.&#8221; image=&#8221;http:\/\/www.dinamex.net\/wp-content\/uploads\/2025\/01\/Sucursales-Dinamex-Mazatlan.jpg&#8221; _builder_version=&#8221;4.27.4&#8243; _module_preset=&#8221;default&#8221; hover_enabled=&#8221;0&#8243; global_colors_info=&#8221;{}&#8221; title_text=&#8221;Sucursales-Dinamex-Mazatlan&#8221; sticky_enabled=&#8221;0&#8243;]<\/p>\n<p><span>Av. Juan Carrasco 811 , Reforma, 82030,<\/span><br \/><span>Mazatl\u00e1n, Mazatl\u00e1n, Sinaloa, M\u00e9xico<\/span><br \/><span>Tel. (669) 668-64-85<\/span><\/p>\n<p>[\/et_pb_blurb][et_pb_blurb title=&#8221;Sucursal Los Mochis, Sin.&#8221; image=&#8221;http:\/\/www.dinamex.net\/wp-content\/uploads\/2025\/01\/Sucursales-Dinamex-Mochis.jpg&#8221; _builder_version=&#8221;4.27.4&#8243; _module_preset=&#8221;default&#8221; hover_enabled=&#8221;0&#8243; global_colors_info=&#8221;{}&#8221; title_text=&#8221;Sucursales-Dinamex-Mochis&#8221; sticky_enabled=&#8221;0&#8243;]<\/p>\n<div dir=\"auto\">Blvd. macario gaxiola 224 col. tabachines C.P.81257 Los Mochis, Ahome, Sinaloa.<\/div>\n<div dir=\"auto\">Tel. (668) 811-02-60 Cel. (667) 790-72-00<\/div>\n<p>[\/et_pb_blurb][\/et_pb_column][et_pb_column type=&#8221;1_3&#8243; _builder_version=&#8221;4.24.2&#8243; _module_preset=&#8221;default&#8221; global_colors_info=&#8221;{}&#8221;][et_pb_blurb title=&#8221;Sucursal Cd. Obregon, Son.&#8221; image=&#8221;http:\/\/www.dinamex.net\/wp-content\/uploads\/2025\/01\/Sucursales-Dinamex-Obregon.jpg&#8221; _builder_version=&#8221;4.27.4&#8243; _module_preset=&#8221;default&#8221; hover_enabled=&#8221;0&#8243; global_colors_info=&#8221;{}&#8221; title_text=&#8221;Sucursales-Dinamex-Obregon&#8221; sticky_enabled=&#8221;0&#8243;]<\/p>\n<p><span>Miguel Aleman Sur # 726 Centro, Cd. Obreg\u00f3n, Cajeme, Sonora<\/span><span>, M\u00e9xico.<\/span><br \/><span>Tel. (644) 412-59-23<\/span><\/p>\n<p>[\/et_pb_blurb][et_pb_blurb title=&#8221;Sucursal  La Paz&#8221; image=&#8221;http:\/\/www.dinamex.net\/wp-content\/uploads\/2025\/01\/Sucursales-Dinamex-La-paz.jpg&#8221; _builder_version=&#8221;4.27.4&#8243; _module_preset=&#8221;default&#8221; hover_enabled=&#8221;0&#8243; global_colors_info=&#8221;{}&#8221; title_text=&#8221;Sucursales-Dinamex-La-paz&#8221; sticky_enabled=&#8221;0&#8243;]<\/p>\n<div dir=\"auto\">Francisco Villa No. 222 Chametla C.P.23205 Chametla, La Paz, BCS.<\/div>\n<div dir=\"auto\">Tel. (612) 124-62-43 Cel. (667) 264-83-51<\/div>\n<p>[\/et_pb_blurb][et_pb_blurb title=&#8221;Sucursal  Mexicali&#8221; image=&#8221;http:\/\/www.dinamex.net\/wp-content\/uploads\/2025\/01\/Sucursales-Dinamex-Mexicali.jpg&#8221; _builder_version=&#8221;4.27.4&#8243; _module_preset=&#8221;default&#8221; hover_enabled=&#8221;0&#8243; global_colors_info=&#8221;{}&#8221; title_text=&#8221;Sucursales-Dinamex-Mexicali&#8221; sticky_enabled=&#8221;0&#8243;]<\/p>\n<div dir=\"auto\">\n<div dir=\"auto\">Cjon. Apozol Nte. No. 1317 Zacatecas C.P. 21070 Mexicali, BC.<\/div>\n<div dir=\"auto\">Tel. (686) 514-50-73 Cel. (667) 376-54-62<\/div>\n<\/div>\n<p>[\/et_pb_blurb][\/et_pb_column][\/et_pb_row][et_pb_row _builder_version=&#8221;4.24.2&#8243; _module_preset=&#8221;default&#8221; global_colors_info=&#8221;{}&#8221;][et_pb_column type=&#8221;4_4&#8243; _builder_version=&#8221;4.24.2&#8243; _module_preset=&#8221;default&#8221; global_colors_info=&#8221;{}&#8221;][et_pb_contact_form captcha=&#8221;off&#8221; title=&#8221;Cont\u00e1ctanos&#8221; success_message=&#8221;Gracias por contactar&#8221; submit_button_text=&#8221;Enviar&#8221; _builder_version=&#8221;4.24.2&#8243; _module_preset=&#8221;default&#8221; _unique_id=&#8221;07a78e75-3021-4cb4-9130-1583954164b0&#8243; title_font=&#8221;|700|||||||&#8221; title_text_align=&#8221;center&#8221; global_colors_info=&#8221;{}&#8221;][et_pb_contact_field field_id=&#8221;Nombre&#8221; field_title=&#8221;Nombre&#8221; _builder_version=&#8221;4.24.2&#8243; global_colors_info=&#8221;{}&#8221; button_text_size__hover_enabled=&#8221;off&#8221; button_one_text_size__hover_enabled=&#8221;off&#8221; button_two_text_size__hover_enabled=&#8221;off&#8221; button_text_color__hover_enabled=&#8221;off&#8221; button_one_text_color__hover_enabled=&#8221;off&#8221; button_two_text_color__hover_enabled=&#8221;off&#8221; button_border_width__hover_enabled=&#8221;off&#8221; button_one_border_width__hover_enabled=&#8221;off&#8221; button_two_border_width__hover_enabled=&#8221;off&#8221; button_border_color__hover_enabled=&#8221;off&#8221; button_one_border_color__hover_enabled=&#8221;off&#8221; button_two_border_color__hover_enabled=&#8221;off&#8221; button_border_radius__hover_enabled=&#8221;off&#8221; button_one_border_radius__hover_enabled=&#8221;off&#8221; button_two_border_radius__hover_enabled=&#8221;off&#8221; button_letter_spacing__hover_enabled=&#8221;off&#8221; button_one_letter_spacing__hover_enabled=&#8221;off&#8221; button_two_letter_spacing__hover_enabled=&#8221;off&#8221; button_bg_color__hover_enabled=&#8221;off&#8221; button_one_bg_color__hover_enabled=&#8221;off&#8221; button_two_bg_color__hover_enabled=&#8221;off&#8221;][\/et_pb_contact_field][et_pb_contact_field field_id=&#8221;Tel\u00e9fono&#8221; field_title=&#8221;Tel\u00e9fono&#8221; _builder_version=&#8221;4.24.2&#8243; _module_preset=&#8221;default&#8221; global_colors_info=&#8221;{}&#8221;][\/et_pb_contact_field][et_pb_contact_field field_id=&#8221;Email&#8221; field_title=&#8221;Correo electronico&#8221; field_type=&#8221;email&#8221; fullwidth_field=&#8221;on&#8221; _builder_version=&#8221;4.24.2&#8243; global_colors_info=&#8221;{}&#8221; button_text_size__hover_enabled=&#8221;off&#8221; button_one_text_size__hover_enabled=&#8221;off&#8221; button_two_text_size__hover_enabled=&#8221;off&#8221; button_text_color__hover_enabled=&#8221;off&#8221; button_one_text_color__hover_enabled=&#8221;off&#8221; button_two_text_color__hover_enabled=&#8221;off&#8221; button_border_width__hover_enabled=&#8221;off&#8221; button_one_border_width__hover_enabled=&#8221;off&#8221; button_two_border_width__hover_enabled=&#8221;off&#8221; button_border_color__hover_enabled=&#8221;off&#8221; button_one_border_color__hover_enabled=&#8221;off&#8221; button_two_border_color__hover_enabled=&#8221;off&#8221; button_border_radius__hover_enabled=&#8221;off&#8221; button_one_border_radius__hover_enabled=&#8221;off&#8221; button_two_border_radius__hover_enabled=&#8221;off&#8221; button_letter_spacing__hover_enabled=&#8221;off&#8221; button_one_letter_spacing__hover_enabled=&#8221;off&#8221; button_two_letter_spacing__hover_enabled=&#8221;off&#8221; button_bg_color__hover_enabled=&#8221;off&#8221; button_one_bg_color__hover_enabled=&#8221;off&#8221; button_two_bg_color__hover_enabled=&#8221;off&#8221;][\/et_pb_contact_field][et_pb_contact_field field_id=&#8221;Message&#8221; field_title=&#8221;Mensaje&#8221; field_type=&#8221;text&#8221; fullwidth_field=&#8221;on&#8221; _builder_version=&#8221;4.24.2&#8243; global_colors_info=&#8221;{}&#8221; button_text_size__hover_enabled=&#8221;off&#8221; button_one_text_size__hover_enabled=&#8221;off&#8221; button_two_text_size__hover_enabled=&#8221;off&#8221; button_text_color__hover_enabled=&#8221;off&#8221; button_one_text_color__hover_enabled=&#8221;off&#8221; button_two_text_color__hover_enabled=&#8221;off&#8221; button_border_width__hover_enabled=&#8221;off&#8221; button_one_border_width__hover_enabled=&#8221;off&#8221; button_two_border_width__hover_enabled=&#8221;off&#8221; button_border_color__hover_enabled=&#8221;off&#8221; button_one_border_color__hover_enabled=&#8221;off&#8221; button_two_border_color__hover_enabled=&#8221;off&#8221; button_border_radius__hover_enabled=&#8221;off&#8221; button_one_border_radius__hover_enabled=&#8221;off&#8221; button_two_border_radius__hover_enabled=&#8221;off&#8221; button_letter_spacing__hover_enabled=&#8221;off&#8221; button_one_letter_spacing__hover_enabled=&#8221;off&#8221; button_two_letter_spacing__hover_enabled=&#8221;off&#8221; button_bg_color__hover_enabled=&#8221;off&#8221; button_one_bg_color__hover_enabled=&#8221;off&#8221; button_two_bg_color__hover_enabled=&#8221;off&#8221;][\/et_pb_contact_field][\/et_pb_contact_form][\/et_pb_column][\/et_pb_row][\/et_pb_section]<\/p>\n","protected":false},"excerpt":{"rendered":"<p>Av. \u00c1lvaro Obreg\u00f3n 1745 Nte.Colonia Tierra Blanca. C.P. 80030Culiac\u00e1n, Sinaloa.Tel: (667) 7530185 o (667) 7124296Carretera transpeninsular Manzana 15. lote 04\u00a0 Colonia Santa Rosa, San Jose del CAbo. C.P. 23428Culiac\u00e1n, Sinaloa.Tel: (624 1240320 o (667) 2648351Av. Juan Carrasco 811 , Reforma, 82030,Mazatl\u00e1n, Mazatl\u00e1n, Sinaloa, M\u00e9xicoTel. (669) 668-64-85Blvd. macario gaxiola 224 col. tabachines C.P.81257 Los Mochis, Ahome, [&hellip;]<\/p>\n","protected":false},"author":1,"featured_media":0,"parent":0,"menu_order":0,"comment_status":"closed","ping_status":"closed","template":"","meta":{"_et_pb_use_builder":"on","_et_pb_old_content":"","_et_gb_content_width":"","footnotes":""},"class_list":["post-20","page","type-page","status-publish","hentry"],"_links":{"self":[{"href":"https:\/\/www.dinamex.net\/index.php\/wp-json\/wp\/v2\/pages\/20","targetHints":{"allow":["GET"]}}],"collection":[{"href":"https:\/\/www.dinamex.net\/index.php\/wp-json\/wp\/v2\/pages"}],"about":[{"href":"https:\/\/www.dinamex.net\/index.php\/wp-json\/wp\/v2\/types\/page"}],"author":[{"embeddable":true,"href":"https:\/\/www.dinamex.net\/index.php\/wp-json\/wp\/v2\/users\/1"}],"replies":[{"embeddable":true,"href":"https:\/\/www.dinamex.net\/index.php\/wp-json\/wp\/v2\/comments?post=20"}],"version-history":[{"count":9,"href":"https:\/\/www.dinamex.net\/index.php\/wp-json\/wp\/v2\/pages\/20\/revisions"}],"predecessor-version":[{"id":602,"href":"https:\/\/www.dinamex.net\/index.php\/wp-json\/wp\/v2\/pages\/20\/revisions\/602"}],"wp:attachment":[{"href":"https:\/\/www.dinamex.net\/index.php\/wp-json\/wp\/v2\/media?parent=20"}],"curies":[{"name":"wp","href":"https:\/\/api.w.org\/{rel}","templated":true}]}}